{"id":1117706,"date":"2018-08-08T16:43:18","date_gmt":"2018-08-08T13:43:18","guid":{"rendered":"https:\/\/superon.cn\/catalogue\/uncategorized\/10-559-e\/"},"modified":"2026-03-18T04:48:03","modified_gmt":"2026-03-18T01:48:03","slug":"10-559-e","status":"publish","type":"product","link":"https:\/\/superon.cn\/es\/catalogue\/10-connecting-fittings\/hangers-for-cabinets\/10-559-e\/","title":{"rendered":"Colgador de armario ajustable"},"content":{"rendered":"Carga: 250kg\/par (colgante de gabinete)<br \/>Testado por SGS<br \/>&#8211; Para la suspensi\u00f3n del carril.<br \/>&#8211; Medidas m\u00e1s peque\u00f1as.<br \/>&#8211; Cuerpo s\u00f3lido, hecho de aleaci\u00f3n de zinc, puede soportar m\u00e1s carga.<br \/>&#8211; Agujero extra para la fijaci\u00f3n del panel superior.<br \/>&#8211; El agujero trasero largo permite que la suspensi\u00f3n de acero permanezca siempre en posici\u00f3n horizontal.<br \/>&#8211; Altura de despegue: 5 mm.<\/p>\n<p>&#8211; Posibilidades de ajuste: <br \/>Altura: \u00b1 5mm<br \/>Profundidad: max. 15mm","protected":false},"excerpt":{"rendered":"<p>Carga: 250kg\/par (colgante de gabinete)Testado por SGS&#8211; Para la suspensi\u00f3n del carril.&#8211; Medidas m\u00e1s peque\u00f1as.&#8211; Cuerpo s\u00f3lido, hecho de aleaci\u00f3n de zinc, puede soportar m\u00e1s carga.&#8211; Agujero extra para la fijaci\u00f3n del panel superior.&#8211; El agujero trasero largo permite que la suspensi\u00f3n de acero permanezca siempre en posici\u00f3n horizontal.&#8211; Altura de despegue: 5 mm. &#8211; Posibilidades de ajuste: Altura: \u00b1 5mmProfundidad: max. 15mm<\/p>\n","protected":false},"featured_media":0,"comment_status":"open","ping_status":"closed","template":"","meta":[],"product_brand":[],"product_cat":[368003,368049],"product_tag":[],"class_list":{"0":"post-1117706","1":"product","2":"type-product","3":"status-publish","5":"product_cat-10-connecting-fittings","6":"product_cat-hangers-for-cabinets","7":"no-featured-image-padding","8":"sales-flash-overlay","9":"woocommerce-text-align-center","10":"woocommerce-image-align-center","11":"do-quantity-buttons","13":"first","14":"instock","15":"shipping-taxable","16":"purchasable","17":"product-type-variable"},"_links":{"self":[{"href":"https:\/\/superon.cn\/es\/wp-json\/wp\/v2\/product\/1117706","targetHints":{"allow":["GET"]}}],"collection":[{"href":"https:\/\/superon.cn\/es\/wp-json\/wp\/v2\/product"}],"about":[{"href":"https:\/\/superon.cn\/es\/wp-json\/wp\/v2\/types\/product"}],"replies":[{"embeddable":true,"href":"https:\/\/superon.cn\/es\/wp-json\/wp\/v2\/comments?post=1117706"}],"wp:attachment":[{"href":"https:\/\/superon.cn\/es\/wp-json\/wp\/v2\/media?parent=1117706"}],"wp:term":[{"taxonomy":"product_brand","embeddable":true,"href":"https:\/\/superon.cn\/es\/wp-json\/wp\/v2\/product_brand?post=1117706"},{"taxonomy":"product_cat","embeddable":true,"href":"https:\/\/superon.cn\/es\/wp-json\/wp\/v2\/product_cat?post=1117706"},{"taxonomy":"product_tag","embeddable":true,"href":"https:\/\/superon.cn\/es\/wp-json\/wp\/v2\/product_tag?post=1117706"}],"curies":[{"name":"wp","href":"https:\/\/api.w.org\/{rel}","templated":true}]}}