{"id":1116625,"date":"2017-04-11T16:05:37","date_gmt":"2017-04-11T13:05:37","guid":{"rendered":"https:\/\/superon.cn\/catalogue\/uncategorized\/09-103\/"},"modified":"2026-03-18T04:47:46","modified_gmt":"2026-03-18T01:47:46","slug":"09-103","status":"publish","type":"product","link":"https:\/\/superon.cn\/es\/catalogue\/09-sliding-door-fittings\/sliding-door-systems\/09-103\/","title":{"rendered":"Sistema de rodillos"},"content":{"rendered":"Material:<br \/>Rodillo superior \u2013 PVC<br \/>Rodillo inferior:<br \/>A: rodamiento est\u00e1ndar + pl\u00e1stico POM<br \/>B: rodamiento econ\u00f3mico + pl\u00e1stico PP<\/p>\n<p>Seg\u00fan la petici\u00f3n del cliente, los tornillos de montaje se pueden hacer con el mismo tama\u00f1o del hex\u00e1gono, 4m m o 5m m. Si no hay requisitos, los tama\u00f1os est\u00e1ndar del hex\u00e1gono son los siguientes:<br \/>Tornillo Abajo  \u041c5 &#8211; 4<br \/>Tornillo superior D=5mm &#8211; 4mm<br \/>Tornillo superior D=6mm &#8211; 5mm","protected":false},"excerpt":{"rendered":"<p>Material:Rodillo superior \u2013 PVCRodillo inferior:A: rodamiento est\u00e1ndar + pl\u00e1stico POMB: rodamiento econ\u00f3mico + pl\u00e1stico PP Seg\u00fan la petici\u00f3n del cliente, los tornillos de montaje se pueden hacer con el mismo tama\u00f1o del hex\u00e1gono, 4m m o 5m m. Si no hay requisitos, los tama\u00f1os est\u00e1ndar del hex\u00e1gono son los siguientes:Tornillo Abajo \u041c5 &#8211; 4Tornillo superior D=5mm &#8211; 4mmTornillo superior D=6mm &#8211; 5mm<\/p>\n","protected":false},"featured_media":0,"comment_status":"open","ping_status":"closed","template":"","meta":[],"product_brand":[],"product_cat":[367996,367997],"product_tag":[],"class_list":{"0":"post-1116625","1":"product","2":"type-product","3":"status-publish","5":"product_cat-09-sliding-door-fittings","6":"product_cat-sliding-door-systems","7":"no-featured-image-padding","8":"sales-flash-overlay","9":"woocommerce-text-align-center","10":"woocommerce-image-align-center","11":"do-quantity-buttons","13":"first","14":"instock","15":"featured","16":"shipping-taxable","17":"purchasable","18":"product-type-variable"},"_links":{"self":[{"href":"https:\/\/superon.cn\/es\/wp-json\/wp\/v2\/product\/1116625","targetHints":{"allow":["GET"]}}],"collection":[{"href":"https:\/\/superon.cn\/es\/wp-json\/wp\/v2\/product"}],"about":[{"href":"https:\/\/superon.cn\/es\/wp-json\/wp\/v2\/types\/product"}],"replies":[{"embeddable":true,"href":"https:\/\/superon.cn\/es\/wp-json\/wp\/v2\/comments?post=1116625"}],"wp:attachment":[{"href":"https:\/\/superon.cn\/es\/wp-json\/wp\/v2\/media?parent=1116625"}],"wp:term":[{"taxonomy":"product_brand","embeddable":true,"href":"https:\/\/superon.cn\/es\/wp-json\/wp\/v2\/product_brand?post=1116625"},{"taxonomy":"product_cat","embeddable":true,"href":"https:\/\/superon.cn\/es\/wp-json\/wp\/v2\/product_cat?post=1116625"},{"taxonomy":"product_tag","embeddable":true,"href":"https:\/\/superon.cn\/es\/wp-json\/wp\/v2\/product_tag?post=1116625"}],"curies":[{"name":"wp","href":"https:\/\/api.w.org\/{rel}","templated":true}]}}