{"id":1115468,"date":"2007-01-07T00:00:00","date_gmt":"2007-01-06T21:00:00","guid":{"rendered":"https:\/\/superon.cn\/catalogue\/uncategorized\/04-170\/"},"modified":"2026-03-18T04:47:30","modified_gmt":"2026-03-18T01:47:30","slug":"04-170","status":"publish","type":"product","link":"https:\/\/superon.cn\/es\/catalogue\/04-legs-feet\/furniture-feet\/04-170\/","title":{"rendered":"Pie de aluminio"},"content":{"rendered":"Los n\u00fameros de art\u00edculos contienen:<br \/>38 o 50: di\u00e1metro del pie<br \/>080\/100\/120\/150: altura del pie<\/p>\n<p>Rb = tapa de acero estampado y nivelador de acero estampado con base de pl\u00e1stico<br \/>R = tapa de acero s\u00f3lido (grosor de 3.2 mm) y nivelador de acero estampado con base de pl\u00e1stico<br \/>ZR = tapa de acero s\u00f3lido (grosor de 3.2 mm) y nivelador de zinc fundido a presi\u00f3n con base de pl\u00e1stico<br \/>Z  = tapa de zinc fundida a presi\u00f3n y nivelador de zinc fundido a presi\u00f3n con base de pl\u00e1stico","protected":false},"excerpt":{"rendered":"<p>Los n\u00fameros de art\u00edculos contienen:38 o 50: di\u00e1metro del pie080\/100\/120\/150: altura del pie Rb = tapa de acero estampado y nivelador de acero estampado con base de pl\u00e1sticoR = tapa de acero s\u00f3lido (grosor de 3.2 mm) y nivelador de acero estampado con base de pl\u00e1sticoZR = tapa de acero s\u00f3lido (grosor de 3.2 mm) y nivelador de zinc fundido a presi\u00f3n con base de pl\u00e1sticoZ = tapa de zinc fundida a presi\u00f3n y nivelador de zinc fundido a presi\u00f3n con base de pl\u00e1stico<\/p>\n","protected":false},"featured_media":0,"comment_status":"open","ping_status":"closed","template":"","meta":[],"product_brand":[],"product_cat":[368010,368074],"product_tag":[],"class_list":{"0":"post-1115468","1":"product","2":"type-product","3":"status-publish","5":"product_cat-04-legs-feet","6":"product_cat-furniture-feet","7":"no-featured-image-padding","8":"sales-flash-overlay","9":"woocommerce-text-align-center","10":"woocommerce-image-align-center","11":"do-quantity-buttons","13":"first","14":"instock","15":"featured","16":"shipping-taxable","17":"purchasable","18":"product-type-variable"},"_links":{"self":[{"href":"https:\/\/superon.cn\/es\/wp-json\/wp\/v2\/product\/1115468","targetHints":{"allow":["GET"]}}],"collection":[{"href":"https:\/\/superon.cn\/es\/wp-json\/wp\/v2\/product"}],"about":[{"href":"https:\/\/superon.cn\/es\/wp-json\/wp\/v2\/types\/product"}],"replies":[{"embeddable":true,"href":"https:\/\/superon.cn\/es\/wp-json\/wp\/v2\/comments?post=1115468"}],"wp:attachment":[{"href":"https:\/\/superon.cn\/es\/wp-json\/wp\/v2\/media?parent=1115468"}],"wp:term":[{"taxonomy":"product_brand","embeddable":true,"href":"https:\/\/superon.cn\/es\/wp-json\/wp\/v2\/product_brand?post=1115468"},{"taxonomy":"product_cat","embeddable":true,"href":"https:\/\/superon.cn\/es\/wp-json\/wp\/v2\/product_cat?post=1115468"},{"taxonomy":"product_tag","embeddable":true,"href":"https:\/\/superon.cn\/es\/wp-json\/wp\/v2\/product_tag?post=1115468"}],"curies":[{"name":"wp","href":"https:\/\/api.w.org\/{rel}","templated":true}]}}