{"id":1114539,"date":"2007-01-07T00:00:00","date_gmt":"2007-01-06T21:00:00","guid":{"rendered":"https:\/\/superon.cn\/catalogue\/uncategorized\/10-501\/"},"modified":"2026-03-18T04:47:13","modified_gmt":"2026-03-18T01:47:13","slug":"10-501","status":"publish","type":"product","link":"https:\/\/superon.cn\/es\/catalogue\/10-connecting-fittings\/hangers-for-cabinets\/10-501\/","title":{"rendered":"Colgador oculto"},"content":{"rendered":"- Soporte universal de doble cara.<br \/>&#8211; Para uso detr\u00e1s de la pared trasera, suspensi\u00f3n de barandillas.<br \/>&#8211; Montado con 3 prendedores en el panel lateral, tambi\u00e9n tiene orificios extra para tornillos de conexi\u00f3n adicionales. <br \/>&#8211; Adecuado para el rebaje del panel posterior que mide al menos 16 mm.<br \/>&#8211; Los tornillos de ajuste son asegurados contra extracci\u00f3n accidental. <br \/>&#8211; Se ajusta f\u00e1cilmente con tornillo y engranaje.<br \/>&#8211; Peso de carga 150 kg \/ par.<br \/>&#8211; Altura de despegue: 7,5 mm.<br \/>&#8211; Posibilidades de ajuste:<br \/>Altura:  \u00b1 3.5 mm<br \/>Profundidad:  max. 6 mm","protected":false},"excerpt":{"rendered":"<p>&#8211; Soporte universal de doble cara.&#8211; Para uso detr\u00e1s de la pared trasera, suspensi\u00f3n de barandillas.&#8211; Montado con 3 prendedores en el panel lateral, tambi\u00e9n tiene orificios extra para tornillos de conexi\u00f3n adicionales. &#8211; Adecuado para el rebaje del panel posterior que mide al menos 16 mm.&#8211; Los tornillos de ajuste son asegurados contra extracci\u00f3n accidental. &#8211; Se ajusta f\u00e1cilmente con tornillo y engranaje.&#8211; Peso de carga 150 kg \/ par.&#8211; Altura de despegue: 7,5 mm.&#8211; Posibilidades de ajuste:Altura: \u00b1 3.5 mmProfundidad: max. 6 mm<\/p>\n","protected":false},"featured_media":0,"comment_status":"open","ping_status":"closed","template":"","meta":[],"product_brand":[],"product_cat":[368003,368049],"product_tag":[],"class_list":{"0":"post-1114539","1":"product","2":"type-product","3":"status-publish","5":"product_cat-10-connecting-fittings","6":"product_cat-hangers-for-cabinets","7":"no-featured-image-padding","8":"sales-flash-overlay","9":"woocommerce-text-align-center","10":"woocommerce-image-align-center","11":"do-quantity-buttons","13":"first","14":"instock","15":"shipping-taxable","16":"purchasable","17":"product-type-variable"},"_links":{"self":[{"href":"https:\/\/superon.cn\/es\/wp-json\/wp\/v2\/product\/1114539","targetHints":{"allow":["GET"]}}],"collection":[{"href":"https:\/\/superon.cn\/es\/wp-json\/wp\/v2\/product"}],"about":[{"href":"https:\/\/superon.cn\/es\/wp-json\/wp\/v2\/types\/product"}],"replies":[{"embeddable":true,"href":"https:\/\/superon.cn\/es\/wp-json\/wp\/v2\/comments?post=1114539"}],"wp:attachment":[{"href":"https:\/\/superon.cn\/es\/wp-json\/wp\/v2\/media?parent=1114539"}],"wp:term":[{"taxonomy":"product_brand","embeddable":true,"href":"https:\/\/superon.cn\/es\/wp-json\/wp\/v2\/product_brand?post=1114539"},{"taxonomy":"product_cat","embeddable":true,"href":"https:\/\/superon.cn\/es\/wp-json\/wp\/v2\/product_cat?post=1114539"},{"taxonomy":"product_tag","embeddable":true,"href":"https:\/\/superon.cn\/es\/wp-json\/wp\/v2\/product_tag?post=1114539"}],"curies":[{"name":"wp","href":"https:\/\/api.w.org\/{rel}","templated":true}]}}