{"id":1114529,"date":"2007-01-07T00:00:00","date_gmt":"2007-01-06T21:00:00","guid":{"rendered":"https:\/\/superon.cn\/catalogue\/uncategorized\/10-580-b\/"},"modified":"2026-03-18T04:47:12","modified_gmt":"2026-03-18T01:47:12","slug":"10-580-b","status":"publish","type":"product","link":"https:\/\/superon.cn\/es\/catalogue\/10-connecting-fittings\/hangers-for-cabinets\/10-580-b\/","title":{"rendered":"Colgador de armario con tapa fijaci\u00f3n"},"content":{"rendered":"- Para suspens\u00e3o de gancho.<br \/>&#8211; Corpo s\u00f3lido, pode suportar maior carga.<br \/>&#8211; Cubierta decorative.<br \/>&#8211; Gancho for\u00e7ado que tem se\u00e7\u00e3o em U.<br \/>&#8211; A capacidade de carga tamb\u00e9m depende do material pl\u00e1stico (ver tabela).<br \/>&#8211; Altura de levante: 8.5 mm.<\/p>\n<p>&#8211; Possibilidades de ajustes: <br \/>Altura: \u00b1 8 mm<br \/>Profundidade: m\u00e1x. 20 mm","protected":false},"excerpt":{"rendered":"<p>&#8211; Para suspens\u00e3o de gancho.&#8211; Corpo s\u00f3lido, pode suportar maior carga.&#8211; Cubierta decorative.&#8211; Gancho for\u00e7ado que tem se\u00e7\u00e3o em U.&#8211; A capacidade de carga tamb\u00e9m depende do material pl\u00e1stico (ver tabela).&#8211; Altura de levante: 8.5 mm. &#8211; Possibilidades de ajustes: Altura: \u00b1 8 mmProfundidade: m\u00e1x. 20 mm<\/p>\n","protected":false},"featured_media":0,"comment_status":"open","ping_status":"closed","template":"","meta":[],"product_brand":[],"product_cat":[368003,368049],"product_tag":[],"class_list":{"0":"post-1114529","1":"product","2":"type-product","3":"status-publish","5":"product_cat-10-connecting-fittings","6":"product_cat-hangers-for-cabinets","7":"no-featured-image-padding","8":"sales-flash-overlay","9":"woocommerce-text-align-center","10":"woocommerce-image-align-center","11":"do-quantity-buttons","13":"first","14":"instock","15":"shipping-taxable","16":"purchasable","17":"product-type-variable"},"_links":{"self":[{"href":"https:\/\/superon.cn\/es\/wp-json\/wp\/v2\/product\/1114529","targetHints":{"allow":["GET"]}}],"collection":[{"href":"https:\/\/superon.cn\/es\/wp-json\/wp\/v2\/product"}],"about":[{"href":"https:\/\/superon.cn\/es\/wp-json\/wp\/v2\/types\/product"}],"replies":[{"embeddable":true,"href":"https:\/\/superon.cn\/es\/wp-json\/wp\/v2\/comments?post=1114529"}],"wp:attachment":[{"href":"https:\/\/superon.cn\/es\/wp-json\/wp\/v2\/media?parent=1114529"}],"wp:term":[{"taxonomy":"product_brand","embeddable":true,"href":"https:\/\/superon.cn\/es\/wp-json\/wp\/v2\/product_brand?post=1114529"},{"taxonomy":"product_cat","embeddable":true,"href":"https:\/\/superon.cn\/es\/wp-json\/wp\/v2\/product_cat?post=1114529"},{"taxonomy":"product_tag","embeddable":true,"href":"https:\/\/superon.cn\/es\/wp-json\/wp\/v2\/product_tag?post=1114529"}],"curies":[{"name":"wp","href":"https:\/\/api.w.org\/{rel}","templated":true}]}}