{"id":1114342,"date":"2007-01-07T00:00:00","date_gmt":"2007-01-06T21:00:00","guid":{"rendered":"https:\/\/superon.cn\/catalogue\/uncategorized\/10-371\/"},"modified":"2026-03-18T04:47:10","modified_gmt":"2026-03-18T01:47:10","slug":"10-371","status":"publish","type":"product","link":"https:\/\/superon.cn\/es\/catalogue\/10-connecting-fittings\/sockets\/10-371\/","title":{"rendered":"Tira de manguitos de pl\u00e1stico (abierta)"},"content":{"rendered":"- Para rosca M6.<br \/>&#8211; Di\u00e1metro del orificio 10 mm<br \/>&#8211; Los enchufes son unidos en una tira<br \/>&#8211; La calidad est\u00e1 basada principalmente en <br \/>* el grosor del pl\u00e1stico,<br \/>* la calidad del pl\u00e1stico.<br \/>El peso del pl\u00e1stico reciclado puede ser mayor que el del pl\u00e1stico primario, por lo que el peso no puede ser el \u00fanico factor de calidad. El nivel del torque debe ser tenido en cuenta.","protected":false},"excerpt":{"rendered":"<p>&#8211; Para rosca M6.&#8211; Di\u00e1metro del orificio 10 mm&#8211; Los enchufes son unidos en una tira&#8211; La calidad est\u00e1 basada principalmente en * el grosor del pl\u00e1stico,* la calidad del pl\u00e1stico.El peso del pl\u00e1stico reciclado puede ser mayor que el del pl\u00e1stico primario, por lo que el peso no puede ser el \u00fanico factor de calidad. El nivel del torque debe ser tenido en cuenta.<\/p>\n","protected":false},"featured_media":0,"comment_status":"open","ping_status":"closed","template":"","meta":[],"product_brand":[],"product_cat":[368003,368094],"product_tag":[],"class_list":{"0":"post-1114342","1":"product","2":"type-product","3":"status-publish","5":"product_cat-10-connecting-fittings","6":"product_cat-sockets","7":"no-featured-image-padding","8":"sales-flash-overlay","9":"woocommerce-text-align-center","10":"woocommerce-image-align-center","11":"do-quantity-buttons","13":"first","14":"instock","15":"featured","16":"shipping-taxable","17":"purchasable","18":"product-type-variable"},"_links":{"self":[{"href":"https:\/\/superon.cn\/es\/wp-json\/wp\/v2\/product\/1114342","targetHints":{"allow":["GET"]}}],"collection":[{"href":"https:\/\/superon.cn\/es\/wp-json\/wp\/v2\/product"}],"about":[{"href":"https:\/\/superon.cn\/es\/wp-json\/wp\/v2\/types\/product"}],"replies":[{"embeddable":true,"href":"https:\/\/superon.cn\/es\/wp-json\/wp\/v2\/comments?post=1114342"}],"wp:attachment":[{"href":"https:\/\/superon.cn\/es\/wp-json\/wp\/v2\/media?parent=1114342"}],"wp:term":[{"taxonomy":"product_brand","embeddable":true,"href":"https:\/\/superon.cn\/es\/wp-json\/wp\/v2\/product_brand?post=1114342"},{"taxonomy":"product_cat","embeddable":true,"href":"https:\/\/superon.cn\/es\/wp-json\/wp\/v2\/product_cat?post=1114342"},{"taxonomy":"product_tag","embeddable":true,"href":"https:\/\/superon.cn\/es\/wp-json\/wp\/v2\/product_tag?post=1114342"}],"curies":[{"name":"wp","href":"https:\/\/api.w.org\/{rel}","templated":true}]}}