{"id":1114011,"date":"2011-05-17T17:12:06","date_gmt":"2011-05-17T14:12:06","guid":{"rendered":"https:\/\/superon.cn\/catalogue\/uncategorized\/10-278\/"},"modified":"2026-03-18T04:47:07","modified_gmt":"2026-03-18T01:47:07","slug":"10-278","status":"publish","type":"product","link":"https:\/\/superon.cn\/es\/catalogue\/10-connecting-fittings\/eccentric-for-shelves\/10-278\/","title":{"rendered":"Exc\u00e9ntricas de estante, D=20"},"content":{"rendered":"- Herraje oculto con carcasa para conexi\u00f3n de estantes y paneles laterales con el principio de pestillo exc\u00e9ntrico.<br \/>&#8211; La carcasa est\u00e1 localizada en un orificio de 10 y 20 mm de di\u00e1metro (distancia: 32mm)<br \/>&#8211; Un estante puede ser fijado incluso dentro del mueble montado.<br \/>&#8211; El tipo A puede ser apretado tanto en la parte superior como inferior (apropiado para paneles inferiores, es necesario un orificio pasante).","protected":false},"excerpt":{"rendered":"<p>&#8211; Herraje oculto con carcasa para conexi\u00f3n de estantes y paneles laterales con el principio de pestillo exc\u00e9ntrico.&#8211; La carcasa est\u00e1 localizada en un orificio de 10 y 20 mm de di\u00e1metro (distancia: 32mm)&#8211; Un estante puede ser fijado incluso dentro del mueble montado.&#8211; El tipo A puede ser apretado tanto en la parte superior como inferior (apropiado para paneles inferiores, es necesario un orificio pasante).<\/p>\n","protected":false},"featured_media":0,"comment_status":"open","ping_status":"closed","template":"","meta":[],"product_brand":[],"product_cat":[368003,368004],"product_tag":[],"class_list":{"0":"post-1114011","1":"product","2":"type-product","3":"status-publish","5":"product_cat-10-connecting-fittings","6":"product_cat-eccentric-for-shelves","7":"no-featured-image-padding","8":"sales-flash-overlay","9":"woocommerce-text-align-center","10":"woocommerce-image-align-center","11":"do-quantity-buttons","13":"first","14":"instock","15":"shipping-taxable","16":"purchasable","17":"product-type-variable"},"_links":{"self":[{"href":"https:\/\/superon.cn\/es\/wp-json\/wp\/v2\/product\/1114011","targetHints":{"allow":["GET"]}}],"collection":[{"href":"https:\/\/superon.cn\/es\/wp-json\/wp\/v2\/product"}],"about":[{"href":"https:\/\/superon.cn\/es\/wp-json\/wp\/v2\/types\/product"}],"replies":[{"embeddable":true,"href":"https:\/\/superon.cn\/es\/wp-json\/wp\/v2\/comments?post=1114011"}],"wp:attachment":[{"href":"https:\/\/superon.cn\/es\/wp-json\/wp\/v2\/media?parent=1114011"}],"wp:term":[{"taxonomy":"product_brand","embeddable":true,"href":"https:\/\/superon.cn\/es\/wp-json\/wp\/v2\/product_brand?post=1114011"},{"taxonomy":"product_cat","embeddable":true,"href":"https:\/\/superon.cn\/es\/wp-json\/wp\/v2\/product_cat?post=1114011"},{"taxonomy":"product_tag","embeddable":true,"href":"https:\/\/superon.cn\/es\/wp-json\/wp\/v2\/product_tag?post=1114011"}],"curies":[{"name":"wp","href":"https:\/\/api.w.org\/{rel}","templated":true}]}}