{"id":1113950,"date":"2013-04-15T15:24:50","date_gmt":"2013-04-15T12:24:50","guid":{"rendered":"https:\/\/superon.cn\/catalogue\/uncategorized\/10-269\/"},"modified":"2026-03-18T04:47:06","modified_gmt":"2026-03-18T01:47:06","slug":"10-269","status":"publish","type":"product","link":"https:\/\/superon.cn\/es\/catalogue\/10-connecting-fittings\/eccentric-for-shelves\/10-269\/","title":{"rendered":"Exc\u00e9ntricas de estante"},"content":{"rendered":"- La leva exc\u00e9ntrica interna est\u00e1 ubicada en la carcasa externa.<br \/>&#8211; La carcasa est\u00e1 ubicada en un orificio con 20 mm de di\u00e1metro.<br \/>&#8211; Tornillo euro 6.3x7mm (parte externa), la profundidad de perforaci\u00f3n para tornillo euro es de 7.5 mm.","protected":false},"excerpt":{"rendered":"<p>&#8211; La leva exc\u00e9ntrica interna est\u00e1 ubicada en la carcasa externa.&#8211; La carcasa est\u00e1 ubicada en un orificio con 20 mm de di\u00e1metro.&#8211; Tornillo euro 6.3x7mm (parte externa), la profundidad de perforaci\u00f3n para tornillo euro es de 7.5 mm.<\/p>\n","protected":false},"featured_media":0,"comment_status":"open","ping_status":"closed","template":"","meta":[],"product_brand":[],"product_cat":[368003,368004],"product_tag":[],"class_list":{"0":"post-1113950","1":"product","2":"type-product","3":"status-publish","5":"product_cat-10-connecting-fittings","6":"product_cat-eccentric-for-shelves","7":"no-featured-image-padding","8":"sales-flash-overlay","9":"woocommerce-text-align-center","10":"woocommerce-image-align-center","11":"do-quantity-buttons","13":"first","14":"instock","15":"shipping-taxable","16":"purchasable","17":"product-type-variable"},"_links":{"self":[{"href":"https:\/\/superon.cn\/es\/wp-json\/wp\/v2\/product\/1113950","targetHints":{"allow":["GET"]}}],"collection":[{"href":"https:\/\/superon.cn\/es\/wp-json\/wp\/v2\/product"}],"about":[{"href":"https:\/\/superon.cn\/es\/wp-json\/wp\/v2\/types\/product"}],"replies":[{"embeddable":true,"href":"https:\/\/superon.cn\/es\/wp-json\/wp\/v2\/comments?post=1113950"}],"wp:attachment":[{"href":"https:\/\/superon.cn\/es\/wp-json\/wp\/v2\/media?parent=1113950"}],"wp:term":[{"taxonomy":"product_brand","embeddable":true,"href":"https:\/\/superon.cn\/es\/wp-json\/wp\/v2\/product_brand?post=1113950"},{"taxonomy":"product_cat","embeddable":true,"href":"https:\/\/superon.cn\/es\/wp-json\/wp\/v2\/product_cat?post=1113950"},{"taxonomy":"product_tag","embeddable":true,"href":"https:\/\/superon.cn\/es\/wp-json\/wp\/v2\/product_tag?post=1113950"}],"curies":[{"name":"wp","href":"https:\/\/api.w.org\/{rel}","templated":true}]}}