{"id":1113143,"date":"2007-01-07T00:00:00","date_gmt":"2007-01-06T21:00:00","guid":{"rendered":"https:\/\/superon.cn\/catalogue\/uncategorized\/03-103\/"},"modified":"2026-03-18T04:46:57","modified_gmt":"2026-03-18T01:46:57","slug":"03-103","status":"publish","type":"product","link":"https:\/\/superon.cn\/es\/catalogue\/03-locks\/for-drawers\/03-103\/","title":{"rendered":"Cerradura, #103"},"content":{"rendered":"La Especificaci\u00f3n de cerradura:<br \/>Z: tuerca de zamak<br \/>R: tuerca de acero<\/p>\n<p>Combinaciones de llaves: 100 tipos de cerraduras \u00fanicas","protected":false},"excerpt":{"rendered":"<p>La Especificaci\u00f3n de cerradura:Z: tuerca de zamakR: tuerca de acero Combinaciones de llaves: 100 tipos de cerraduras \u00fanicas<\/p>\n","protected":false},"featured_media":0,"comment_status":"open","ping_status":"closed","template":"","meta":[],"product_brand":[],"product_cat":[368029,368104],"product_tag":[],"class_list":{"0":"post-1113143","1":"product","2":"type-product","3":"status-publish","5":"product_cat-03-locks","6":"product_cat-for-drawers","7":"no-featured-image-padding","8":"sales-flash-overlay","9":"woocommerce-text-align-center","10":"woocommerce-image-align-center","11":"do-quantity-buttons","13":"first","14":"instock","15":"featured","16":"shipping-taxable","17":"purchasable","18":"product-type-variable"},"_links":{"self":[{"href":"https:\/\/superon.cn\/es\/wp-json\/wp\/v2\/product\/1113143","targetHints":{"allow":["GET"]}}],"collection":[{"href":"https:\/\/superon.cn\/es\/wp-json\/wp\/v2\/product"}],"about":[{"href":"https:\/\/superon.cn\/es\/wp-json\/wp\/v2\/types\/product"}],"replies":[{"embeddable":true,"href":"https:\/\/superon.cn\/es\/wp-json\/wp\/v2\/comments?post=1113143"}],"wp:attachment":[{"href":"https:\/\/superon.cn\/es\/wp-json\/wp\/v2\/media?parent=1113143"}],"wp:term":[{"taxonomy":"product_brand","embeddable":true,"href":"https:\/\/superon.cn\/es\/wp-json\/wp\/v2\/product_brand?post=1113143"},{"taxonomy":"product_cat","embeddable":true,"href":"https:\/\/superon.cn\/es\/wp-json\/wp\/v2\/product_cat?post=1113143"},{"taxonomy":"product_tag","embeddable":true,"href":"https:\/\/superon.cn\/es\/wp-json\/wp\/v2\/product_tag?post=1113143"}],"curies":[{"name":"wp","href":"https:\/\/api.w.org\/{rel}","templated":true}]}}