{"id":1112374,"date":"2007-01-07T00:00:00","date_gmt":"2007-01-06T21:00:00","guid":{"rendered":"https:\/\/superon.cn\/catalogue\/uncategorized\/07-122\/"},"modified":"2026-03-18T04:46:44","modified_gmt":"2026-03-18T01:46:44","slug":"07-122","status":"publish","type":"product","link":"https:\/\/superon.cn\/es\/catalogue\/07-brackets\/push-to-open-07-brackets\/07-122\/","title":{"rendered":"Cierre expulsador"},"content":{"rendered":"C\u00f3mo elegir buena calidad:<br \/>&#8211; La fuerza de empuje es importante. Mantenemos la fuerza cerca de 15N, por lo que el producto puede abrir la puerta.<br \/>&#8211; La fuerza magn\u00e9tica debe ser buena. De lo contrario, el producto no puede mantener la puerta cerrada. Como la fuerza de atracci\u00f3n de un im\u00e1n est\u00e1 directamente relacionada con su costo, los art\u00edculos baratos tendr\u00edan una fuerza insuficiente de im\u00e1n.<\/p>\n<p>La Especificaci\u00f3n de contrachapa:<br \/>D &#8211; Cabeza suave<br \/>K &#8211; autoadhesiva contrachapa<br \/>N &#8211; encaje e tornillo<br \/>KN &#8211; autoadhesiva contrachapa + con encaje o con tornillo<\/p>\n<p>-Cabeza magn\u00e9tica o suave (ajustable)<br \/>&#8211; Contrachapa: autoadhesiva, con encaje o con tornillo.<br \/>&#8211; Instalado con tornillos.<br \/>&#8211; Distancia de apertura : 40 mm.<br \/>&#8211; Adaptador: sin clavos, para puertas solapadas, arremetidas y angulares.","protected":false},"excerpt":{"rendered":"<p>C\u00f3mo elegir buena calidad:&#8211; La fuerza de empuje es importante. Mantenemos la fuerza cerca de 15N, por lo que el producto puede abrir la puerta.&#8211; La fuerza magn\u00e9tica debe ser buena. De lo contrario, el producto no puede mantener la puerta cerrada. Como la fuerza de atracci\u00f3n de un im\u00e1n est\u00e1 directamente relacionada con su costo, los art\u00edculos baratos tendr\u00edan una fuerza insuficiente de im\u00e1n. La Especificaci\u00f3n de contrachapa:D &#8211; Cabeza suaveK &#8211; autoadhesiva contrachapaN &#8211; encaje e tornilloKN &#8211; autoadhesiva contrachapa + con encaje o con tornillo -Cabeza magn\u00e9tica o suave (ajustable)&#8211; Contrachapa: autoadhesiva, con encaje o con tornillo.&#8211; &#8230; <a title=\"Cierre expulsador\" class=\"read-more\" href=\"https:\/\/superon.cn\/es\/catalogue\/07-brackets\/push-to-open-07-brackets\/07-122\/\" aria-label=\"M\u00e1s en Cierre expulsador\">Read more<\/a><\/p>\n","protected":false},"featured_media":0,"comment_status":"open","ping_status":"closed","template":"","meta":[],"product_brand":[],"product_cat":[368005,368053],"product_tag":[],"class_list":{"0":"post-1112374","1":"product","2":"type-product","3":"status-publish","5":"product_cat-07-brackets","6":"product_cat-push-to-open-07-brackets","7":"no-featured-image-padding","8":"sales-flash-overlay","9":"woocommerce-text-align-center","10":"woocommerce-image-align-center","11":"do-quantity-buttons","13":"first","14":"instock","15":"featured","16":"shipping-taxable","17":"purchasable","18":"product-type-variable"},"_links":{"self":[{"href":"https:\/\/superon.cn\/es\/wp-json\/wp\/v2\/product\/1112374","targetHints":{"allow":["GET"]}}],"collection":[{"href":"https:\/\/superon.cn\/es\/wp-json\/wp\/v2\/product"}],"about":[{"href":"https:\/\/superon.cn\/es\/wp-json\/wp\/v2\/types\/product"}],"replies":[{"embeddable":true,"href":"https:\/\/superon.cn\/es\/wp-json\/wp\/v2\/comments?post=1112374"}],"wp:attachment":[{"href":"https:\/\/superon.cn\/es\/wp-json\/wp\/v2\/media?parent=1112374"}],"wp:term":[{"taxonomy":"product_brand","embeddable":true,"href":"https:\/\/superon.cn\/es\/wp-json\/wp\/v2\/product_brand?post=1112374"},{"taxonomy":"product_cat","embeddable":true,"href":"https:\/\/superon.cn\/es\/wp-json\/wp\/v2\/product_cat?post=1112374"},{"taxonomy":"product_tag","embeddable":true,"href":"https:\/\/superon.cn\/es\/wp-json\/wp\/v2\/product_tag?post=1112374"}],"curies":[{"name":"wp","href":"https:\/\/api.w.org\/{rel}","templated":true}]}}