{"id":1111797,"date":"2012-05-18T13:36:41","date_gmt":"2012-05-18T10:36:41","guid":{"rendered":"https:\/\/superon.cn\/catalogue\/uncategorized\/10-145\/"},"modified":"2026-03-18T04:46:35","modified_gmt":"2026-03-18T01:46:35","slug":"10-145","status":"publish","type":"product","link":"https:\/\/superon.cn\/es\/catalogue\/10-connecting-fittings\/dowels-for-eccentric\/10-145\/","title":{"rendered":"Perno para exc\u00e9ntrica, auto perforante"},"content":{"rendered":"Mayormente vendido con: 10-218-115 y 10-201-115.<\/p>\n<p>&#8211; La funda pl\u00e1stica de rotaci\u00f3n libre le permite mantener ella perno en la posici\u00f3n correcta y derecha durante la instalaci\u00f3n, lo que proporciona un trabajo f\u00e1cil, r\u00e1pido y estable. <br \/>&#8211; Rosca profunda proporciona mayor fijaci\u00f3n.<br \/>&#8211; Rosca de tornillo euro para orificio de 5 mm.<br \/>&#8211; La longitud del perno es de 30 mm<br \/>&#8211; El perno puede ser montado con un destornillador de cruz PH2 o PZ2.<br \/>&#8211; Plastic sleeve can be produced in different colours.","protected":false},"excerpt":{"rendered":"<p>0qUvCZv4Z4o<\/p>\n","protected":false},"featured_media":0,"comment_status":"open","ping_status":"closed","template":"","meta":[],"product_brand":[],"product_cat":[368003,368037],"product_tag":[],"class_list":{"0":"post-1111797","1":"product","2":"type-product","3":"status-publish","5":"product_cat-10-connecting-fittings","6":"product_cat-dowels-for-eccentric","7":"no-featured-image-padding","8":"sales-flash-overlay","9":"woocommerce-text-align-center","10":"woocommerce-image-align-center","11":"do-quantity-buttons","13":"first","14":"instock","15":"shipping-taxable","16":"purchasable","17":"product-type-variable"},"_links":{"self":[{"href":"https:\/\/superon.cn\/es\/wp-json\/wp\/v2\/product\/1111797","targetHints":{"allow":["GET"]}}],"collection":[{"href":"https:\/\/superon.cn\/es\/wp-json\/wp\/v2\/product"}],"about":[{"href":"https:\/\/superon.cn\/es\/wp-json\/wp\/v2\/types\/product"}],"replies":[{"embeddable":true,"href":"https:\/\/superon.cn\/es\/wp-json\/wp\/v2\/comments?post=1111797"}],"wp:attachment":[{"href":"https:\/\/superon.cn\/es\/wp-json\/wp\/v2\/media?parent=1111797"}],"wp:term":[{"taxonomy":"product_brand","embeddable":true,"href":"https:\/\/superon.cn\/es\/wp-json\/wp\/v2\/product_brand?post=1111797"},{"taxonomy":"product_cat","embeddable":true,"href":"https:\/\/superon.cn\/es\/wp-json\/wp\/v2\/product_cat?post=1111797"},{"taxonomy":"product_tag","embeddable":true,"href":"https:\/\/superon.cn\/es\/wp-json\/wp\/v2\/product_tag?post=1111797"}],"curies":[{"name":"wp","href":"https:\/\/api.w.org\/{rel}","templated":true}]}}