{"id":1873,"date":"2014-12-01T09:24:57","date_gmt":"2014-12-01T09:24:57","guid":{"rendered":"http:\/\/new.superon.cn\/?page_id=1873"},"modified":"2014-12-01T09:28:15","modified_gmt":"2014-12-01T09:28:15","slug":"faqs","status":"publish","type":"page","link":"https:\/\/superon.cn\/es\/faqs\/","title":{"rendered":"Faqs"},"content":{"rendered":"[vc_row][vc_column width=\u00bb1\/1&#8243;][vc_empty_space height=\u00bb20px\u00bb]<style>\r\n    #bxtitle_324573066.box-title.box-title-line-middle .title-bar:after,\r\n    #bxtitle_324573066.box-title.box-title-line-middle .title-bar:before,\r\n    #bxtitle_324573066.box-title.box-title-line-around .title-bar:after,\r\n    #bxtitle_324573066.box-title.box-title-line-around .title-bar:before,\r\n    #bxtitle_324573066.box-title.box-title-line-around h5{\r\n        border-color: #f2f2f2    }\r\n<\/style>\r\n        <div id=\"bxtitle_324573066\" class=\"box-title box-title-text-center box-title-line-none \" style=\"font-size: 24px;\" data-delay=\"0\">\r\n            <h5>\r\n                FREQUENTLY ASKED QUESTIONS            <\/h5>\r\n                    <\/div>\r\n        [\/vc_column][\/vc_row][vc_row][vc_column width=\u00bb3\/4&#8243;]\r\n\r\n    \r\n    <ul class=\"filters faq\">\r\n         <li class=\"all\"><a href=\"#all\" data-option-value=\"*\" class=\"all active\"><div class=\"prepend\"><\/div>All Categories<\/a><\/li>\r\n         <li><a href=\"#delievery-faq\" data-option-value=\".delievery-faq\">Delievery FAQ<\/a><\/li><li><a href=\"#general-faq\" data-option-value=\".general-faq\">General FAQ<\/a><\/li><li><a href=\"#prices-faq\" data-option-value=\".prices-faq\">Prices FAQ<\/a><\/li>    <\/ul>\r\n\r\n\r\n    <div class=\"faq-filters-container\">\r\n        <div class=\"faq-filters group\">\r\n            <p><\/p>\r\n            <select id=\"faq-filters-select\">\r\n                <option value=\"*\">All Categories<\/option>\r\n                                    <option value=\".delievery-faq\">Delievery FAQ<\/option>\r\n                                    <option value=\".general-faq\">General FAQ<\/option>\r\n                                    <option value=\".prices-faq\">Prices FAQ<\/option>\r\n                            <\/select>\r\n        <\/div>\r\n    <\/div>\r\n\r\n\r\n<div id=\"faqs-container\">\r\n    \r\n        <div class=\"faq-wrapper all general-faq \">\r\n            <div class=\"faq-title\">\r\n                <div class=\"plus\"><\/div>\r\n                <h4>\u00bfTienen alg\u00fan negociante o representante fuera de China?<\/h4>\r\n            <\/div>\r\n            <div class=\"faq-item\">\r\n                <div class=\"faq-item-content\">\r\n                    <p>No, no tenemos, pero estaremos encantados de cooperar directamente. De momento nuestra empresa no firma ning\u00fan acuerdo relacionado con concesiones o representaciones. n.<\/p>\n                <\/div>\r\n            <\/div>\r\n        <\/div>\r\n\r\n    \r\n        <div class=\"faq-wrapper all delievery-faq \">\r\n            <div class=\"faq-title\">\r\n                <div class=\"plus\"><\/div>\r\n                <h4>\u00bfCu\u00e1les son los costos de env\u00edo?<\/h4>\r\n            <\/div>\r\n            <div class=\"faq-item\">\r\n                <div class=\"faq-item-content\">\r\n                    <p>Solo ofrecemos precios FOB. En cuanto al transporte, usted puede contactar\u00a0a cualquier empresa de transporte y preguntarle por los costos de flete maritimo.<\/p>\n                <\/div>\r\n            <\/div>\r\n        <\/div>\r\n\r\n    \r\n        <div class=\"faq-wrapper all delievery-faq \">\r\n            <div class=\"faq-title\">\r\n                <div class=\"plus\"><\/div>\r\n                <h4>\u00bfCu\u00e1l es el costo aproximado de un contenedor de bienes en China?<\/h4>\r\n            <\/div>\r\n            <div class=\"faq-item\">\r\n                <div class=\"faq-item-content\">\r\n                    <p>Depende de los bienes, en general el valor total del pedido de un contenedor varia desde 25000 d\u00f3lares americanos hasta 60000 d\u00f3lares y m\u00e1s.<\/p>\n                <\/div>\r\n            <\/div>\r\n        <\/div>\r\n\r\n    \r\n        <div class=\"faq-wrapper all general-faq \">\r\n            <div class=\"faq-title\">\r\n                <div class=\"plus\"><\/div>\r\n                <h4>\u00bfPodemos pedir menos que un contenedor?<\/h4>\r\n            <\/div>\r\n            <div class=\"faq-item\">\r\n                <div class=\"faq-item-content\">\r\n                    <p>S\u00ed, pueden hacer un pedido por una cantidad peque\u00f1a. En caso de pedidos con montos inferiores a 10000 d\u00f3lares americanos podemos pedirle pagar algunos gastos de exportaci\u00f3n.<\/p>\n                <\/div>\r\n            <\/div>\r\n        <\/div>\r\n\r\n    \r\n        <div class=\"faq-wrapper all general-faq \">\r\n            <div class=\"faq-title\">\r\n                <div class=\"plus\"><\/div>\r\n                <h4>\u00bfPueden enviar las muestras para verificar la calidad?<\/h4>\r\n            <\/div>\r\n            <div class=\"faq-item\">\r\n                <div class=\"faq-item-content\">\r\n                    <p>S\u00ed, podemos enviar muestras para usted luego de hacer un pedido y discutir los precios y otros detalles. Puede realizar el dep\u00f3sito inicial luego de ver las muestras.<\/p>\n                <\/div>\r\n            <\/div>\r\n        <\/div>\r\n\r\n    \r\n        <div class=\"faq-wrapper all general-faq \">\r\n            <div class=\"faq-title\">\r\n                <div class=\"plus\"><\/div>\r\n                <h4>\u00bfPueden proveer productos que no est\u00e9n presentes en su p\u00e1gina web?<\/h4>\r\n            <\/div>\r\n            <div class=\"faq-item\">\r\n                <div class=\"faq-item-content\">\r\n                    <p>S\u00ed, si estos productos est\u00e1n relacionados con los accesorios de muebles. S\u00f3lo necesita enviarnos la foto, boceto (en cualquier formato) o explicaci\u00f3n de los detalles.<\/p>\n                <\/div>\r\n            <\/div>\r\n        <\/div>\r\n\r\n    \r\n        <div class=\"faq-wrapper all general-faq \">\r\n            <div class=\"faq-title\">\r\n                <div class=\"plus\"><\/div>\r\n                <h4>\u00bfCu\u00e1l es el periodo de producci\u00f3n?<\/h4>\r\n            <\/div>\r\n            <div class=\"faq-item\">\r\n                <div class=\"faq-item-content\">\r\n                    <p>Normalmente lleva de 25 a 30 d\u00edas completar su pedido. Depende de los productos, cantidad y carga\u00a0de trabajo de las f\u00e1bricas.<\/p>\n                <\/div>\r\n            <\/div>\r\n        <\/div>\r\n\r\n    \r\n        <div class=\"faq-wrapper all prices-faq \">\r\n            <div class=\"faq-title\">\r\n                <div class=\"plus\"><\/div>\r\n                <h4>\u00bfPueden enviarnos listas de precios completas?<\/h4>\r\n            <\/div>\r\n            <div class=\"faq-item\">\r\n                <div class=\"faq-item-content\">\r\n                    <p>No, no preparamos listas de precios completas de los productos presentados en nuestra p\u00e1gina web. Porque los productos son producidos luego de su pedido y los costos de las materias primas (as\u00ed como otros costos) cambian contantemente, por lo que tendr\u00edamos que actualizar los precios muy a menudo. Por cierto, esto le ayuda a comprar los bienes a precios de mercado y no superior.<\/p>\n                <\/div>\r\n            <\/div>\r\n        <\/div>\r\n\r\n    \r\n        <div class=\"faq-wrapper all prices-faq \">\r\n            <div class=\"faq-title\">\r\n                <div class=\"plus\"><\/div>\r\n                <h4>\u00bfC\u00f3mo puedo conseguir sus precios?<\/h4>\r\n            <\/div>\r\n            <div class=\"faq-item\">\r\n                <div class=\"faq-item-content\">\r\n                    <p>Simplemente env\u00ede una lista de petici\u00f3n desde nuestra p\u00e1gina web.<\/p>\n<p>Por favor vea el cat\u00e1logo online. Junto a cada art\u00edculo ver\u00e1 el bot\u00f3n \u201cpetici\u00f3n\u201d. Una vez haga clic en \u00e9l, este art\u00edculo ser\u00e1 agregado autom\u00e1ticamente a la \u201clista de petici\u00f3n\u201d. Una vez que haya agregado todos los art\u00edculos interesantes, simplemente haga clic en el bot\u00f3n \u201cEnviar petici\u00f3n\u201d, el cual encontrar\u00e1 en la parte superior de la p\u00e1gina. Luego de eso, solo necesitar\u00e1 introducir sus detalles de contacto (\u00fanicamente nombre, tel\u00e9fono y correo electr\u00f3nico) y finalizar el proceso de pedido. Esta lista ser\u00e1 enviada a nuestro gerente inmediatamente. Entraremos en contacto con usted en el mismo d\u00eda o al d\u00eda siguiente para m\u00e1s detalles y luego responderemos con los precios entre 2 y 3 d\u00edas. Por favor, introduzca sus detalles de contacto de manera precisa para permitirnos entrar en contacto con usted, ya que nuestros gerentes no pueden responder sin entrar en contacto con usted.<\/p>\n                <\/div>\r\n            <\/div>\r\n        <\/div>\r\n\r\n    \r\n        <div class=\"faq-wrapper all general-faq \">\r\n            <div class=\"faq-title\">\r\n                <div class=\"plus\"><\/div>\r\n                <h4>Mejor momento para llamarnos<\/h4>\r\n            <\/div>\r\n            <div class=\"faq-item\">\r\n                <div class=\"faq-item-content\">\r\n                    <p>Nuestro personal de exportaciones se encuentra en la oficina de 10 a.m. a 7 p.m. todos los d\u00edas laborales. Por lo que usted puede llamarnos en cualquier momento durante este periodo, teniendo en cuenta la diferencia horaria de su pa\u00eds y China. La zona horaria de China es GTM+8.<\/p>\n                <\/div>\r\n            <\/div>\r\n        <\/div>\r\n\r\n    <\/div>[\/vc_column][vc_column width=\u00bb1\/4&#8243;][vc_widget_sidebar layout=\u00bbvertical\u00bb sidebar_id=\u00bbfaq\u00bb num_of_col=\u00bb1&#8243;][\/vc_column][\/vc_row]\n","protected":false},"excerpt":{"rendered":"<p>[vc_row][vc_column width=\u00bb1\/1&#8243;][vc_empty_space height=\u00bb20px\u00bb][\/vc_column][\/vc_row][vc_row][vc_column width=\u00bb3\/4&#8243;][\/vc_column][vc_column width=\u00bb1\/4&#8243;][vc_widget_sidebar layout=\u00bbvertical\u00bb sidebar_id=\u00bbfaq\u00bb num_of_col=\u00bb1&#8243;][\/vc_column][\/vc_row]<\/p>\n","protected":false},"author":2,"featured_media":0,"parent":0,"menu_order":0,"comment_status":"closed","ping_status":"closed","template":"","meta":{"footnotes":""},"class_list":["post-1873","page","type-page","status-publish","hentry","no-featured-image-padding"],"_links":{"self":[{"href":"https:\/\/superon.cn\/es\/wp-json\/wp\/v2\/pages\/1873","targetHints":{"allow":["GET"]}}],"collection":[{"href":"https:\/\/superon.cn\/es\/wp-json\/wp\/v2\/pages"}],"about":[{"href":"https:\/\/superon.cn\/es\/wp-json\/wp\/v2\/types\/page"}],"author":[{"embeddable":true,"href":"https:\/\/superon.cn\/es\/wp-json\/wp\/v2\/users\/2"}],"replies":[{"embeddable":true,"href":"https:\/\/superon.cn\/es\/wp-json\/wp\/v2\/comments?post=1873"}],"version-history":[{"count":0,"href":"https:\/\/superon.cn\/es\/wp-json\/wp\/v2\/pages\/1873\/revisions"}],"wp:attachment":[{"href":"https:\/\/superon.cn\/es\/wp-json\/wp\/v2\/media?parent=1873"}],"curies":[{"name":"wp","href":"https:\/\/api.w.org\/{rel}","templated":true}]}}