{"id":1677,"date":"2014-11-28T14:55:59","date_gmt":"2014-11-28T11:55:59","guid":{"rendered":"http:\/\/new.superon.cn\/?page_id=1677"},"modified":"2020-10-10T23:48:18","modified_gmt":"2020-10-10T20:48:18","slug":"homepage","status":"publish","type":"page","link":"https:\/\/superon.cn\/es\/","title":{"rendered":"INICIO"},"content":{"rendered":"<!-- START Slider 1 REVOLUTION SLIDER 6.2.23 --><p class=\"rs-p-wp-fix\"><\/p>\n\t\t\t<rs-module-wrap id=\"rev_slider_1_4_wrapper\" data-source=\"post\" style=\"background:transparent;padding:0;margin:0px auto;margin-top:0;margin-bottom:30px;\">\n\t\t\t\t<rs-module id=\"rev_slider_1_4\" style=\"\" data-version=\"6.2.23\">\n\t\t\t\t\t<rs-slides>\n\t\t\t\t\t\t<rs-slide data-key=\"rs-335201\" data-title=\"Muelle de gas\" data-thumb=\"\/\/superon.cn\/wp-content\/uploads\/2020\/10\/01-091-1-50x100.jpg\" data-anim=\"ei:d;eo:d;s:500;r:0;t:fade;sl:0;\">\n\t\t\t\t\t\t\t<img decoding=\"async\" src=\"\/\/superon.cn\/wp-content\/uploads\/2020\/10\/01-091-1.jpg\" title=\"01-091\" width=\"1201\" height=\"501\" class=\"rev-slidebg\" data-no-retina>\n<!--\n\t\t\t\t\t\t\t--><rs-layer\n\t\t\t\t\t\t\t\tid=\"slider-1-slide-335201-layer-0\" \n\t\t\t\t\t\t\t\tdata-type=\"text\"\n\t\t\t\t\t\t\t\tdata-color=\"#fff\"\n\t\t\t\t\t\t\t\tdata-rsp_ch=\"on\"\n\t\t\t\t\t\t\t\tdata-xy=\"xo:45px,45px,45px,26px;y:t,t,t,b;yo:365px,365px,365px,42px;\"\n\t\t\t\t\t\t\t\tdata-text=\"w:normal;s:30,30,30,20;l:60,60,60,23;ls:-1,-1,-1,0;fw:500;\"\n\t\t\t\t\t\t\t\tdata-dim=\"w:423px,423px,423px,412px;minh:0,0,0,none;\"\n\t\t\t\t\t\t\t\tdata-frame_1=\"sp:500;\"\n\t\t\t\t\t\t\t\tdata-frame_999=\"o:0;st:w;sR:8500;\"\n\t\t\t\t\t\t\t\tstyle=\"z-index:9;font-family:Poppins;text-transform:uppercase;\"\n\t\t\t\t\t\t\t>Muelle de gas \n\t\t\t\t\t\t\t<\/rs-layer><!--\n\n\t\t\t\t\t\t\t--><rs-layer\n\t\t\t\t\t\t\t\tid=\"slider-1-slide-335201-layer-1\" \n\t\t\t\t\t\t\t\tdata-type=\"text\"\n\t\t\t\t\t\t\t\tdata-color=\"#fff\"\n\t\t\t\t\t\t\t\tdata-rsp_ch=\"on\"\n\t\t\t\t\t\t\t\tdata-xy=\"xo:46px,46px,46px,27px;y:b;yo:7px,7px,7px,9px;\"\n\t\t\t\t\t\t\t\tdata-text=\"w:normal;s:14,14,14,12;l:24,24,24,9;ls:1,1,1,0;\"\n\t\t\t\t\t\t\t\tdata-dim=\"w:500px,500px,500px,264px;h:76px,76px,76px,29px;minh:0px,0px,0px,none;\"\n\t\t\t\t\t\t\t\tdata-frame_1=\"sp:500;\"\n\t\t\t\t\t\t\t\tdata-frame_999=\"o:0;st:w;sR:8500;\"\n\t\t\t\t\t\t\t\tstyle=\"z-index:10;font-family:Roboto;\"\n\t\t\t\t\t\t\t>aprobado 100.000 ciclos \n\t\t\t\t\t\t\t<\/rs-layer><!--\n\n\t\t\t\t\t\t\t--><rs-layer\n\t\t\t\t\t\t\t\tid=\"slider-1-slide-335201-layer-2\" \n\t\t\t\t\t\t\t\tdata-type=\"shape\"\n\t\t\t\t\t\t\t\tdata-rsp_ch=\"on\"\n\t\t\t\t\t\t\t\tdata-xy=\"xo:-72px,-72px,-72px,-43px;y:t,t,t,b;yo:360px,360px,360px,0;\"\n\t\t\t\t\t\t\t\tdata-text=\"w:normal;s:20,20,20,7;l:0,0,0,9;\"\n\t\t\t\t\t\t\t\tdata-dim=\"w:1353px,1353px,1353px,540px;h:143px,143px,143px,74px;\"\n\t\t\t\t\t\t\t\tdata-frame_1=\"sp:500;\"\n\t\t\t\t\t\t\t\tdata-frame_999=\"o:0;st:w;sR:8500;\"\n\t\t\t\t\t\t\t\tstyle=\"z-index:8;background-color:rgba(0,0,0,0.5);\"\n\t\t\t\t\t\t\t> \n\t\t\t\t\t\t\t<\/rs-layer><!--\n\n\t\t\t\t\t\t\t--><a\n\t\t\t\t\t\t\t\tid=\"slider-1-slide-335201-layer-4\" \n\t\t\t\t\t\t\t\tclass=\"rs-layer rev-btn\"\n\t\t\t\t\t\t\t\thref=\"\" target=\"_self\" rel=\"nofollow\"\n\t\t\t\t\t\t\t\tdata-type=\"button\"\n\t\t\t\t\t\t\t\tdata-bsh=\"c:rgba(0,0,0,0.25);v:10px,10px,10px,3px;b:20px,20px,20px,7px;\"\n\t\t\t\t\t\t\t\tdata-rsp_ch=\"on\"\n\t\t\t\t\t\t\t\tdata-xy=\"x:r;xo:47px,47px,47px,18px;y:b;yo:42px,42px,42px,16px;\"\n\t\t\t\t\t\t\t\tdata-text=\"w:normal;s:15,15,15,11;l:50,50,50,19;fw:500;a:center;\"\n\t\t\t\t\t\t\t\tdata-dim=\"w:210px,210px,210px,150px;h:50px,50px,50px,20px;minh:0px,0px,0px,none;\"\n\t\t\t\t\t\t\t\tdata-padding=\"r:40,40,40,16;l:40,40,40,16;\"\n\t\t\t\t\t\t\t\tdata-border=\"bor:5px,5px,5px,5px;\"\n\t\t\t\t\t\t\t\tdata-frame_1=\"sp:500;\"\n\t\t\t\t\t\t\t\tdata-frame_999=\"o:0;st:w;sR:8500;\"\n\t\t\t\t\t\t\t\tdata-frame_hover=\"bgc:#007aff;bor:5px,5px,5px,5px;e:power1.inOut;bri:120%;\"\n\t\t\t\t\t\t\t\tstyle=\"z-index:11;background:linear-gradient(rgba(122,53,136,1) 0%, rgba(93,35,105,1) 50%, rgba(122,53,136,1) 100%);font-family:Roboto;\"\n\t\t\t\t\t\t\t>More info >> \n\t\t\t\t\t\t\t<\/a><!--\n-->\t\t\t\t\t\t<\/rs-slide>\n\t\t\t\t\t\t<rs-slide data-key=\"rs-335199\" data-title=\"ruedas\" data-thumb=\"\/\/superon.cn\/wp-content\/uploads\/2020\/10\/04-xxx-50x100.jpg\" data-anim=\"ei:d;eo:d;s:500;r:0;t:fade;sl:0;\">\n\t\t\t\t\t\t\t<img decoding=\"async\" src=\"\/\/superon.cn\/wp-content\/uploads\/2020\/10\/04-xxx.jpg\" title=\"04-xxx\" width=\"1202\" height=\"502\" class=\"rev-slidebg\" data-no-retina>\n<!--\n\t\t\t\t\t\t\t--><rs-layer\n\t\t\t\t\t\t\t\tid=\"slider-1-slide-335199-layer-0\" \n\t\t\t\t\t\t\t\tdata-type=\"text\"\n\t\t\t\t\t\t\t\tdata-color=\"#fff\"\n\t\t\t\t\t\t\t\tdata-rsp_ch=\"on\"\n\t\t\t\t\t\t\t\tdata-xy=\"xo:45px,45px,45px,26px;y:t,t,t,b;yo:365px,365px,365px,42px;\"\n\t\t\t\t\t\t\t\tdata-text=\"w:normal;s:30,30,30,20;l:60,60,60,23;ls:-1,-1,-1,0;fw:500;\"\n\t\t\t\t\t\t\t\tdata-dim=\"w:423px,423px,423px,412px;minh:0,0,0,none;\"\n\t\t\t\t\t\t\t\tdata-frame_1=\"sp:500;\"\n\t\t\t\t\t\t\t\tdata-frame_999=\"o:0;st:w;sR:8500;\"\n\t\t\t\t\t\t\t\tstyle=\"z-index:9;font-family:Poppins;text-transform:uppercase;\"\n\t\t\t\t\t\t\t>ruedas \n\t\t\t\t\t\t\t<\/rs-layer><!--\n\n\t\t\t\t\t\t\t--><rs-layer\n\t\t\t\t\t\t\t\tid=\"slider-1-slide-335199-layer-1\" \n\t\t\t\t\t\t\t\tdata-type=\"text\"\n\t\t\t\t\t\t\t\tdata-color=\"#fff\"\n\t\t\t\t\t\t\t\tdata-rsp_ch=\"on\"\n\t\t\t\t\t\t\t\tdata-xy=\"xo:46px,46px,46px,27px;y:b;yo:7px,7px,7px,9px;\"\n\t\t\t\t\t\t\t\tdata-text=\"w:normal;s:14,14,14,12;l:24,24,24,9;ls:1,1,1,0;\"\n\t\t\t\t\t\t\t\tdata-dim=\"w:500px,500px,500px,264px;h:76px,76px,76px,29px;minh:0px,0px,0px,none;\"\n\t\t\t\t\t\t\t\tdata-frame_1=\"sp:500;\"\n\t\t\t\t\t\t\t\tdata-frame_999=\"o:0;st:w;sR:8500;\"\n\t\t\t\t\t\t\t\tstyle=\"z-index:10;font-family:Roboto;\"\n\t\t\t\t\t\t\t>durable, inodoro<br \/>\r\nno hay l\u00edneas negras en el suelo<br \/>\r\n<br \/>\r\n&nbsp; \n\t\t\t\t\t\t\t<\/rs-layer><!--\n\n\t\t\t\t\t\t\t--><rs-layer\n\t\t\t\t\t\t\t\tid=\"slider-1-slide-335199-layer-2\" \n\t\t\t\t\t\t\t\tdata-type=\"shape\"\n\t\t\t\t\t\t\t\tdata-rsp_ch=\"on\"\n\t\t\t\t\t\t\t\tdata-xy=\"xo:-72px,-72px,-72px,-43px;y:t,t,t,b;yo:360px,360px,360px,0;\"\n\t\t\t\t\t\t\t\tdata-text=\"w:normal;s:20,20,20,7;l:0,0,0,9;\"\n\t\t\t\t\t\t\t\tdata-dim=\"w:1353px,1353px,1353px,540px;h:143px,143px,143px,74px;\"\n\t\t\t\t\t\t\t\tdata-frame_1=\"sp:500;\"\n\t\t\t\t\t\t\t\tdata-frame_999=\"o:0;st:w;sR:8500;\"\n\t\t\t\t\t\t\t\tstyle=\"z-index:8;background-color:rgba(0,0,0,0.5);\"\n\t\t\t\t\t\t\t> \n\t\t\t\t\t\t\t<\/rs-layer><!--\n\n\t\t\t\t\t\t\t--><a\n\t\t\t\t\t\t\t\tid=\"slider-1-slide-335199-layer-4\" \n\t\t\t\t\t\t\t\tclass=\"rs-layer rev-btn\"\n\t\t\t\t\t\t\t\thref=\"\" target=\"_self\" rel=\"nofollow\"\n\t\t\t\t\t\t\t\tdata-type=\"button\"\n\t\t\t\t\t\t\t\tdata-bsh=\"c:rgba(0,0,0,0.25);v:10px,10px,10px,3px;b:20px,20px,20px,7px;\"\n\t\t\t\t\t\t\t\tdata-rsp_ch=\"on\"\n\t\t\t\t\t\t\t\tdata-xy=\"x:r;xo:47px,47px,47px,18px;y:b;yo:42px,42px,42px,16px;\"\n\t\t\t\t\t\t\t\tdata-text=\"w:normal;s:15,15,15,11;l:50,50,50,19;fw:500;a:center;\"\n\t\t\t\t\t\t\t\tdata-dim=\"w:210px,210px,210px,150px;h:50px,50px,50px,20px;minh:0px,0px,0px,none;\"\n\t\t\t\t\t\t\t\tdata-padding=\"r:40,40,40,16;l:40,40,40,16;\"\n\t\t\t\t\t\t\t\tdata-border=\"bor:5px,5px,5px,5px;\"\n\t\t\t\t\t\t\t\tdata-frame_1=\"sp:500;\"\n\t\t\t\t\t\t\t\tdata-frame_999=\"o:0;st:w;sR:8500;\"\n\t\t\t\t\t\t\t\tdata-frame_hover=\"bgc:#007aff;bor:5px,5px,5px,5px;e:power1.inOut;bri:120%;\"\n\t\t\t\t\t\t\t\tstyle=\"z-index:11;background:linear-gradient(rgba(122,53,136,1) 0%, rgba(93,35,105,1) 50%, rgba(122,53,136,1) 100%);font-family:Roboto;\"\n\t\t\t\t\t\t\t>More info >> \n\t\t\t\t\t\t\t<\/a><!--\n-->\t\t\t\t\t\t<\/rs-slide>\n\t\t\t\t\t\t<rs-slide data-key=\"rs-335194\" data-title=\"01-036\" data-thumb=\"\/\/superon.cn\/wp-content\/uploads\/2020\/10\/01-036-50x100.jpg\" data-anim=\"ei:d;eo:d;s:500;r:0;t:fade;sl:0;\">\n\t\t\t\t\t\t\t<img decoding=\"async\" src=\"\/\/superon.cn\/wp-content\/uploads\/2020\/10\/01-036.jpg\" title=\"01-036\" width=\"1201\" height=\"501\" class=\"rev-slidebg\" data-no-retina>\n<!--\n\t\t\t\t\t\t\t--><rs-layer\n\t\t\t\t\t\t\t\tid=\"slider-1-slide-335194-layer-0\" \n\t\t\t\t\t\t\t\tdata-type=\"text\"\n\t\t\t\t\t\t\t\tdata-color=\"#fff\"\n\t\t\t\t\t\t\t\tdata-rsp_ch=\"on\"\n\t\t\t\t\t\t\t\tdata-xy=\"xo:45px,45px,45px,26px;y:t,t,t,b;yo:365px,365px,365px,42px;\"\n\t\t\t\t\t\t\t\tdata-text=\"w:normal;s:30,30,30,20;l:60,60,60,23;ls:-1,-1,-1,0;fw:500;\"\n\t\t\t\t\t\t\t\tdata-dim=\"w:423px,423px,423px,412px;minh:0,0,0,none;\"\n\t\t\t\t\t\t\t\tdata-frame_1=\"sp:500;\"\n\t\t\t\t\t\t\t\tdata-frame_999=\"o:0;st:w;sR:8500;\"\n\t\t\t\t\t\t\t\tstyle=\"z-index:9;font-family:Poppins;text-transform:uppercase;\"\n\t\t\t\t\t\t\t>01-036 \n\t\t\t\t\t\t\t<\/rs-layer><!--\n\n\t\t\t\t\t\t\t--><rs-layer\n\t\t\t\t\t\t\t\tid=\"slider-1-slide-335194-layer-1\" \n\t\t\t\t\t\t\t\tdata-type=\"text\"\n\t\t\t\t\t\t\t\tdata-color=\"#fff\"\n\t\t\t\t\t\t\t\tdata-rsp_ch=\"on\"\n\t\t\t\t\t\t\t\tdata-xy=\"xo:46px,46px,46px,27px;y:b;yo:7px,7px,7px,9px;\"\n\t\t\t\t\t\t\t\tdata-text=\"w:normal;s:14,14,14,12;l:24,24,24,9;ls:1,1,1,0;\"\n\t\t\t\t\t\t\t\tdata-dim=\"w:500px,500px,500px,264px;h:76px,76px,76px,29px;minh:0px,0px,0px,none;\"\n\t\t\t\t\t\t\t\tdata-frame_1=\"sp:500;\"\n\t\t\t\t\t\t\t\tdata-frame_999=\"o:0;st:w;sR:8500;\"\n\t\t\t\t\t\t\t\tstyle=\"z-index:10;font-family:Roboto;\"\n\t\t\t\t\t\t\t>bisagra con amortiguaci\u00f3n<br \/>\r\nabre y cierra 100.000 veces \n\t\t\t\t\t\t\t<\/rs-layer><!--\n\n\t\t\t\t\t\t\t--><rs-layer\n\t\t\t\t\t\t\t\tid=\"slider-1-slide-335194-layer-2\" \n\t\t\t\t\t\t\t\tdata-type=\"shape\"\n\t\t\t\t\t\t\t\tdata-rsp_ch=\"on\"\n\t\t\t\t\t\t\t\tdata-xy=\"xo:-72px,-72px,-72px,-43px;y:t,t,t,b;yo:360px,360px,360px,0;\"\n\t\t\t\t\t\t\t\tdata-text=\"w:normal;s:20,20,20,7;l:0,0,0,9;\"\n\t\t\t\t\t\t\t\tdata-dim=\"w:1353px,1353px,1353px,540px;h:143px,143px,143px,74px;\"\n\t\t\t\t\t\t\t\tdata-frame_1=\"sp:500;\"\n\t\t\t\t\t\t\t\tdata-frame_999=\"o:0;st:w;sR:8500;\"\n\t\t\t\t\t\t\t\tstyle=\"z-index:8;background-color:rgba(0,0,0,0.5);\"\n\t\t\t\t\t\t\t> \n\t\t\t\t\t\t\t<\/rs-layer><!--\n\n\t\t\t\t\t\t\t--><a\n\t\t\t\t\t\t\t\tid=\"slider-1-slide-335194-layer-4\" \n\t\t\t\t\t\t\t\tclass=\"rs-layer rev-btn\"\n\t\t\t\t\t\t\t\thref=\"\" target=\"_self\" rel=\"nofollow\"\n\t\t\t\t\t\t\t\tdata-type=\"button\"\n\t\t\t\t\t\t\t\tdata-bsh=\"c:rgba(0,0,0,0.25);v:10px,10px,10px,3px;b:20px,20px,20px,7px;\"\n\t\t\t\t\t\t\t\tdata-rsp_ch=\"on\"\n\t\t\t\t\t\t\t\tdata-xy=\"x:r;xo:47px,47px,47px,18px;y:b;yo:42px,42px,42px,16px;\"\n\t\t\t\t\t\t\t\tdata-text=\"w:normal;s:15,15,15,11;l:50,50,50,19;fw:500;a:center;\"\n\t\t\t\t\t\t\t\tdata-dim=\"w:210px,210px,210px,150px;h:50px,50px,50px,20px;minh:0px,0px,0px,none;\"\n\t\t\t\t\t\t\t\tdata-padding=\"r:40,40,40,16;l:40,40,40,16;\"\n\t\t\t\t\t\t\t\tdata-border=\"bor:5px,5px,5px,5px;\"\n\t\t\t\t\t\t\t\tdata-frame_1=\"sp:500;\"\n\t\t\t\t\t\t\t\tdata-frame_999=\"o:0;st:w;sR:8500;\"\n\t\t\t\t\t\t\t\tdata-frame_hover=\"bgc:#007aff;bor:5px,5px,5px,5px;e:power1.inOut;bri:120%;\"\n\t\t\t\t\t\t\t\tstyle=\"z-index:11;background:linear-gradient(rgba(122,53,136,1) 0%, rgba(93,35,105,1) 50%, rgba(122,53,136,1) 100%);font-family:Roboto;\"\n\t\t\t\t\t\t\t>More info >> \n\t\t\t\t\t\t\t<\/a><!--\n-->\t\t\t\t\t\t<\/rs-slide>\n\t\t\t\t\t<\/rs-slides>\n\t\t\t\t<\/rs-module>\n\t\t\t\t<script type=\"text\/javascript\">\n\t\t\t\t\tsetREVStartSize({c: 'rev_slider_1_4',rl:[1240,1240,1240,480],el:[500,500,500,200],gw:[1200,1200,1200,480],gh:[500,500,500,200],type:'standard',justify:'',layout:'fullwidth',mh:\"0\"});\n\t\t\t\t\tvar\trevapi1,\n\t\t\t\t\t\ttpj;\n\t\t\t\t\tfunction revinit_revslider14() {\n\t\t\t\t\tjQuery(function() {\n\t\t\t\t\t\ttpj = jQuery;\n\t\t\t\t\t\trevapi1 = tpj(\"#rev_slider_1_4\");\n\t\t\t\t\t\tif(revapi1==undefined || revapi1.revolution == undefined){\n\t\t\t\t\t\t\trevslider_showDoubleJqueryError(\"rev_slider_1_4\");\n\t\t\t\t\t\t}else{\n\t\t\t\t\t\t\trevapi1.revolution({\n\t\t\t\t\t\t\t\tduration:\"3000ms\",\n\t\t\t\t\t\t\t\tvisibilityLevels:\"1240,1240,1240,480\",\n\t\t\t\t\t\t\t\tgridwidth:\"1200,1200,1200,480\",\n\t\t\t\t\t\t\t\tgridheight:\"500,500,500,200\",\n\t\t\t\t\t\t\t\tspinner:\"spinner3\",\n\t\t\t\t\t\t\t\tperspective:600,\n\t\t\t\t\t\t\t\tperspectiveType:\"global\",\n\t\t\t\t\t\t\t\teditorheight:\"500,768,960,200\",\n\t\t\t\t\t\t\t\tresponsiveLevels:\"1240,1240,1240,480\",\n\t\t\t\t\t\t\t\tprogressBar:{disableProgressBar:true},\n\t\t\t\t\t\t\t\tnavigation: {\n\t\t\t\t\t\t\t\t\tonHoverStop:false,\n\t\t\t\t\t\t\t\t\ttouch: {\n\t\t\t\t\t\t\t\t\t\ttouchenabled:true,\n\t\t\t\t\t\t\t\t\t\ttouchOnDesktop:true\n\t\t\t\t\t\t\t\t\t},\n\t\t\t\t\t\t\t\t\tarrows: {\n\t\t\t\t\t\t\t\t\t\tenable:true,\n\t\t\t\t\t\t\t\t\t\tstyle:\"hesperiden\",\n\t\t\t\t\t\t\t\t\t\tleft: {\n\t\t\t\t\t\t\t\t\t\t\th_offset:30\n\t\t\t\t\t\t\t\t\t\t},\n\t\t\t\t\t\t\t\t\t\tright: {\n\t\t\t\t\t\t\t\t\t\t\th_offset:30\n\t\t\t\t\t\t\t\t\t\t}\n\t\t\t\t\t\t\t\t\t}\n\t\t\t\t\t\t\t\t},\n\t\t\t\t\t\t\t\tfallbacks: {\n\t\t\t\t\t\t\t\t\tallowHTML5AutoPlayOnAndroid:true\n\t\t\t\t\t\t\t\t},\n\t\t\t\t\t\t\t});\n\t\t\t\t\t\t}\n\t\t\t\t\t\t\n\t\t\t\t\t});\n\t\t\t\t\t} \/\/ End of RevInitScript\n\t\t\t\tvar once_revslider14 = false;\n\t\t\t\tif (document.readyState === \"loading\") {document.addEventListener('readystatechange',function() { if((document.readyState === \"interactive\" || document.readyState === \"complete\") && !once_revslider14 ) { once_revslider14 = true; revinit_revslider14();}});} else {once_revslider14 = true; revinit_revslider14();}\n\t\t\t\t<\/script>\n\t\t\t\t<script>\n\t\t\t\t\tvar htmlDivCss = '\t#rev_slider_1_4_wrapper rs-loader.spinner3 div { background-color: #ffffff !important; } ';\n\t\t\t\t\tvar htmlDiv = document.getElementById('rs-plugin-settings-inline-css');\n\t\t\t\t\tif(htmlDiv) {\n\t\t\t\t\t\thtmlDiv.innerHTML = htmlDiv.innerHTML + htmlDivCss;\n\t\t\t\t\t}else{\n\t\t\t\t\t\tvar htmlDiv = document.createElement('div');\n\t\t\t\t\t\thtmlDiv.innerHTML = '<style>' + htmlDivCss + '<\/style>';\n\t\t\t\t\t\tdocument.getElementsByTagName('head')[0].appendChild(htmlDiv.childNodes[0]);\n\t\t\t\t\t}\n\t\t\t\t<\/script>\n\t\t\t\t<script>\n\t\t\t\t\tvar htmlDivCss = unescape(\"%23rev_slider_1_4_wrapper%20.hesperiden.tparrows%20%7B%0A%09cursor%3Apointer%3B%0A%09background%3Argba%280%2C0%2C0%2C0.5%29%3B%0A%09width%3A40px%3B%0A%09height%3A40px%3B%0A%09position%3Aabsolute%3B%0A%09display%3Ablock%3B%0A%09z-index%3A1000%3B%0A%20%20%20%20border-radius%3A%2050%25%3B%0A%7D%0A%23rev_slider_1_4_wrapper%20.hesperiden.tparrows%3Ahover%20%7B%0A%09background%3A%23000000%3B%0A%7D%0A%23rev_slider_1_4_wrapper%20.hesperiden.tparrows%3Abefore%20%7B%0A%09font-family%3A%20%27revicons%27%3B%0A%09font-size%3A20px%3B%0A%09color%3A%23ffffff%3B%0A%09display%3Ablock%3B%0A%09line-height%3A%2040px%3B%0A%09text-align%3A%20center%3B%0A%7D%0A%23rev_slider_1_4_wrapper%20.hesperiden.tparrows.tp-leftarrow%3Abefore%20%7B%0A%09content%3A%20%27%5Ce82c%27%3B%0A%20%20%20%20margin-left%3A-3px%3B%0A%7D%0A%23rev_slider_1_4_wrapper%20.hesperiden.tparrows.tp-rightarrow%3Abefore%20%7B%0A%09content%3A%20%27%5Ce82d%27%3B%0A%20%20%20%20margin-right%3A-3px%3B%0A%7D%0A\");\n\t\t\t\t\tvar htmlDiv = document.getElementById('rs-plugin-settings-inline-css');\n\t\t\t\t\tif(htmlDiv) {\n\t\t\t\t\t\thtmlDiv.innerHTML = htmlDiv.innerHTML + htmlDivCss;\n\t\t\t\t\t}else{\n\t\t\t\t\t\tvar htmlDiv = document.createElement('div');\n\t\t\t\t\t\thtmlDiv.innerHTML = '<style>' + htmlDivCss + '<\/style>';\n\t\t\t\t\t\tdocument.getElementsByTagName('head')[0].appendChild(htmlDiv.childNodes[0]);\n\t\t\t\t\t}\n\t\t\t\t<\/script>\n\t\t\t\t<script>\n\t\t\t\t\tvar htmlDivCss = unescape(\"%0A\");\n\t\t\t\t\tvar htmlDiv = document.getElementById('rs-plugin-settings-inline-css');\n\t\t\t\t\tif(htmlDiv) {\n\t\t\t\t\t\thtmlDiv.innerHTML = htmlDiv.innerHTML + htmlDivCss;\n\t\t\t\t\t}else{\n\t\t\t\t\t\tvar htmlDiv = document.createElement('div');\n\t\t\t\t\t\thtmlDiv.innerHTML = '<style>' + htmlDivCss + '<\/style>';\n\t\t\t\t\t\tdocument.getElementsByTagName('head')[0].appendChild(htmlDiv.childNodes[0]);\n\t\t\t\t\t}\n\t\t\t\t<\/script>\n\t\t\t<\/rs-module-wrap>\n\t\t\t<!-- END REVOLUTION SLIDER -->\n\n<div class=\"su-row\"><div class=\"su-column su-column-size-1-3\"><div class=\"su-column-inner su-u-clearfix su-u-trim\">\n<h3><a href=\"\/es\/contact-us\/\">CONT\u00c1CTENOS<\/a><\/h3>\n<div class=\"contact-info \" data-delay=\"0\">\n<div class=\"sidebar-nav\">\n<ul>\n<li>\n<div class=\"icon-container background-image\" style=\"margin-bottom:65px;\">\n\n            <style>\n            #link_socials12:hover span.icon-circle {\n                border-color: #5d2369 !important;\n            }\n\n            #link_socials12:hover i.fa {\n                color: #5d2369 !important;\n            }\n        <\/style>\n    \n    <a href=\"\/es\/contact-us\/#showmap\" data-normal=\"#5d2369\" data-hover=\"#5d2369\" id=\"link_socials12\" class=\"link_socials\" title=\"\" >\n        <span class=\"icon-circle\" style=\"width:55px; height:55px; border-color:#5d2369; border-width:2px;\">\n                <i class=\"fa fa-map-marker-alt\" style=\"color:#5d2369; font-size: 34px\"><\/i>            <\/span>\n    <\/a>\n\n\n<\/div>\n<div class=\"info-container\">\n<h4>DIRECCI\u00d3N<\/h4>\n<p>DIRECCI\u00d3N GZ: Rm.3D, Bldg#21, Zhong Shan 1 Rd, Guangzhou, 510699, China<\/p>\n<p>DIRECCI\u00d3N HK: Room 1701, 17\/F, Hong Kong Trade Centre, Nos. 161-167, Des Voeux Road, Central, Hong Kong<\/p>\n<\/p><\/div>\n<\/li>\n<li>\n<div class=\"icon-container background-image\">\n\n            <style>\n            #link_socials13:hover span.icon-circle {\n                border-color: #5d2369 !important;\n            }\n\n            #link_socials13:hover i.fa {\n                color: #5d2369 !important;\n            }\n        <\/style>\n    \n    <a href=\"\/es\/contact-us\/\" data-normal=\"#5d2369\" data-hover=\"#5d2369\" id=\"link_socials13\" class=\"link_socials\" title=\"\" >\n        <span class=\"icon-circle\" style=\"width:55px; height:55px; border-color:#5d2369; border-width:2px;\">\n                <i class=\"fa fa-mobile-alt\" style=\"color:#5d2369; font-size: 34px\"><\/i>            <\/span>\n    <\/a>\n\n\n<\/div>\n<div class=\"info-container\">\n<h4>TEL\u00c9FONO<\/h4>\n<p>+86-20-87320080<br \/>+86-139-22332141<\/p>\n<\/p><\/div>\n<\/li>\n<li>\n<div class=\"icon-container background-image\">\n\n            <style>\n            #link_socials14:hover span.icon-circle {\n                border-color: #5d2369 !important;\n            }\n\n            #link_socials14:hover i.fa {\n                color: #5d2369 !important;\n            }\n        <\/style>\n    \n    <a href=\"\/es\/contact-us\/\" data-normal=\"#5d2369\" data-hover=\"#5d2369\" id=\"link_socials14\" class=\"link_socials\" title=\"\" >\n        <span class=\"icon-circle\" style=\"width:55px; height:55px; border-color:#5d2369; border-width:2px;\">\n                <i class=\"fa fa-envelope-open-text\" style=\"color:#5d2369; font-size: 34px\"><\/i>            <\/span>\n    <\/a>\n\n\n<\/div>\n<div class=\"info-container\">\n                                            <a href=\"mailto:export@superon.cn\" class=\"contact_info_email\"><\/p>\n<h4>CONT\u00c1CTENOS<\/h4>\n<p>export@superon.cn<\/p>\n<p>                                            <\/a><\/p><\/div>\n<\/li>\n<li>\n<div class=\"icon-container background-image\">\n\n            <style>\n            #link_socials15:hover span.icon-circle {\n                border-color: #5d2369 !important;\n            }\n\n            #link_socials15:hover i.fa {\n                color: #5d2369 !important;\n            }\n        <\/style>\n    \n    <a href=\"\/es\/contact-us\/\" data-normal=\"#5d2369\" data-hover=\"#5d2369\" id=\"link_socials15\" class=\"link_socials\" title=\"\" >\n        <span class=\"icon-circle\" style=\"width:55px; height:55px; border-color:#5d2369; border-width:2px;\">\n                <i class=\"fa fa-skype fab\" style=\"color:#5d2369; font-size: 34px\"><\/i>            <\/span>\n    <\/a>\n\n\n<\/div>\n<div class=\"info-container\">\n<h4>SKYPE<\/h4>\n<p>superon.export<\/p>\n<\/p><\/div>\n<\/li>\n<\/ul><\/div>\n<\/div>\n<p><a href=\"\/es\/contact-us\/\" class=\"button\">CONT\u00c1CTENOS<\/a><br \/>\n<\/div><\/div>\n<div class=\"su-column su-column-size-1-3\"><div class=\"su-column-inner su-u-clearfix su-u-trim\">\n<h3><a href=\"\/es\/news\/\">Noticias<\/a><\/h3>\n<ul class=\"display-posts-listing\"><li class=\"listing-item\"><a class=\"title\" href=\"https:\/\/superon.cn\/es\/interzum-guangzhou-2026-booth-10-3-b10\/\">Interzum Guangzhou 2026: 10.3 B10<\/a> <span class=\"excerpt-dash\">-<\/span> <span class=\"excerpt\">Nuestro stand en Interzum Guangzhou 2026 es el 10.3 B10. Tras una larga pausa, volvemos a Interzum Guangzhou con un&hellip; <a class=\"excerpt-more\" href=\"https:\/\/superon.cn\/es\/interzum-guangzhou-2026-booth-10-3-b10\/\">Leer m\u00e1s...<\/a><\/span><\/li><li class=\"listing-item\"><a class=\"title\" href=\"https:\/\/superon.cn\/es\/interzum-guangzhou-2025-booth-10-3-b10\/\">Interzum Guangzhou 2025: 10.3 B10<\/a> <span class=\"excerpt-dash\">-<\/span> <span class=\"excerpt\">El n\u00famero de nuestro stand en la feria Interzum Guangzhou 2025 es 10.3 B10 Este a\u00f1o estamos contentos de presentar&hellip; <a class=\"excerpt-more\" href=\"https:\/\/superon.cn\/es\/interzum-guangzhou-2025-booth-10-3-b10\/\">Leer m\u00e1s...<\/a><\/span><\/li><li class=\"listing-item\"><a class=\"title\" href=\"https:\/\/superon.cn\/es\/interzum-guangzhou-2024-booth-10-3-a02\/\">Interzum Guangzhou 2024: 10.3 A02<\/a> <span class=\"excerpt-dash\">-<\/span> <span class=\"excerpt\">El n\u00famero de nuestro stand en la feria Interzum Guangzhou 2024 es 10.3 A02. Este a\u00f1o estamos contentos de presentar&hellip; <a class=\"excerpt-more\" href=\"https:\/\/superon.cn\/es\/interzum-guangzhou-2024-booth-10-3-a02\/\">Leer m\u00e1s...<\/a><\/span><\/li><\/ul><a href=\"\/es\/news\/\" class=\"button\">Todas las noticias<\/a><\/div><\/div>\n<div class=\"su-column su-column-size-1-3\"><div class=\"su-column-inner su-u-clearfix su-u-trim\">\n<h3><a href=\"\/es\/about-us\/\">Sobre nosotros<\/a><\/h3>\n<p><!--div class=\"img_frame \"><img decoding=\"async\" src=\"\/solmscms\/themes\/superone\/theme\/assets\/images\/logo.png\" title=\"Superon\" class=\"img-responsive yit-image attachment-blog_big\" width=\"600\" height=\"450\"><\/div>\n\n<br\/--><a href=\"\/es\/about-us\/\" style=\"color: rgb(44, 62, 80) !important;\"><small>\u201cSuperon\u201d es un exportador de accesorios de muebles en Guangzhou, China. Comenzamos a trabajar con accesorios de muebles en 2002.<br \/>\nExportamos diferentes accesorios de muebles producidos en China bajo nuestro control de calidad. La variedad de productos puede ser vista en nuestra secci\u00f3n \u201cCat\u00e1logo\u201d.<br \/>\nCon el paso de los a\u00f1os hemos ganados una buena experiencia en la materializaci\u00f3n de nuevas ideas y en el desenvolvimiento de nuevos productos de acuerdo con nuestros propios patrones de dise\u00f1o. Bocetos realizados a mano y una descripci\u00f3n breve ser\u00e1n suficiente para realizar una maqueta 3D, calcular las caracter\u00edsticas t\u00e9cnicas y estimar el precio.<br \/>\nLa principal caracter\u00edstica de nuestra empresa es que hacemos todo con la atenci\u00f3n y responsabilidad necesarias.<br \/>\nHemos establecido el departamento de pruebas, con el equipo necesario, donde verificamos la calidad y las caracter\u00edsticas t\u00e9cnicas de los productos, comparamos los art\u00edculos de diferentes fabricantes y garantizamos la correspondencia de los bienes con las muestras iniciales.<br \/>\n<\/small><\/a><a href=\"\/es\/about-us\/\">m\u00e1s informaci\u00f3n&#8230;<\/a><\/p>\n<hr\/>\n<p><a href=\"\/es\/about-us\/\" class=\"button\">SOBRE NOSOTROS<\/a><br \/>\n<\/div><\/div><\/div>","protected":false},"excerpt":{"rendered":"","protected":false},"author":2,"featured_media":0,"parent":0,"menu_order":0,"comment_status":"closed","ping_status":"closed","template":"","meta":{"footnotes":""},"class_list":["post-1677","page","type-page","status-publish","hentry","no-featured-image-padding"],"_links":{"self":[{"href":"https:\/\/superon.cn\/es\/wp-json\/wp\/v2\/pages\/1677","targetHints":{"allow":["GET"]}}],"collection":[{"href":"https:\/\/superon.cn\/es\/wp-json\/wp\/v2\/pages"}],"about":[{"href":"https:\/\/superon.cn\/es\/wp-json\/wp\/v2\/types\/page"}],"author":[{"embeddable":true,"href":"https:\/\/superon.cn\/es\/wp-json\/wp\/v2\/users\/2"}],"replies":[{"embeddable":true,"href":"https:\/\/superon.cn\/es\/wp-json\/wp\/v2\/comments?post=1677"}],"version-history":[{"count":2,"href":"https:\/\/superon.cn\/es\/wp-json\/wp\/v2\/pages\/1677\/revisions"}],"predecessor-version":[{"id":400306,"href":"https:\/\/superon.cn\/es\/wp-json\/wp\/v2\/pages\/1677\/revisions\/400306"}],"wp:attachment":[{"href":"https:\/\/superon.cn\/es\/wp-json\/wp\/v2\/media?parent=1677"}],"curies":[{"name":"wp","href":"https:\/\/api.w.org\/{rel}","templated":true}]}}